{"id":235,"date":"2024-12-17T10:42:08","date_gmt":"2024-12-17T09:42:08","guid":{"rendered":"https:\/\/www.caplatypus.com\/?page_id=235"},"modified":"2025-10-21T13:51:43","modified_gmt":"2025-10-21T11:51:43","slug":"accesibilidad","status":"publish","type":"page","link":"https:\/\/www.caplatypus.com\/cat\/accesibilidad\/","title":{"rendered":"Accessibilitat"},"content":{"rendered":"<div data-elementor-type=\"wp-page\" data-elementor-id=\"235\" class=\"elementor elementor-235\" data-elementor-post-type=\"page\">\n\t\t\t\t<div class=\"elementor-element elementor-element-f0475ee e-flex e-con-boxed e-con e-parent\" data-id=\"f0475ee\" data-element_type=\"container\">\n\t\t\t\t\t<div class=\"e-con-inner\">\n\t\t\t\t<div class=\"elementor-element elementor-element-6aeabff elementor-widget elementor-widget-text-editor\" data-id=\"6aeabff\" data-element_type=\"widget\" data-widget_type=\"text-editor.default\">\n\t\t\t\t<div class=\"elementor-widget-container\">\n\t\t\t\t\t\t\t\t\t<p>Yulene Loyo Guzman (Consultor\u00eda de Accesibilidad Universal) se ha comprometido a hacer accesible su sitio web de conformidad con las Pautas de Accesibilidad Web: WCAG 2.1 nivel AA.<\/p><p>La presente declaraci\u00f3n de accesibilidad se aplica al sitio web https:\/\/www.caplatypus.com\/<\/p><h2>Situaci\u00f3n de cumplimiento<\/h2><p>Este sitio web es parcialmente conforme con las Pautas de Accesibilidad Web: WCAG 2.1 en su nivel AA y el RD 1112\/2018, debido a las excepciones y a la falta de conformidad de los aspectos que se indican a continuaci\u00f3n:<\/p><h2>Contenido no accesible<\/h2><ul><li>Algunas im\u00e1genes: no tienen texto alternativo en otros idiomas y el texto alternativo no informa del prop\u00f3sito de la imagen. (9.1.1.1 Contenido no textual)<\/li><li>Algunos enlaces tienen rol de bot\u00f3n. (9.4.1.2)<\/li><li>La lista de enlaces para compartir una noticia en redes sociales se presenta como una lista de un solo item con lector de pantalla, aunque el usuario tiene acceso al resto de enlaces de la lista. (9.1.3.1)<\/li><\/ul><h2>Preparaci\u00f3n de la presente declaraci\u00f3n de accesibilidad<\/h2><p>La presente declaraci\u00f3n de accesibilidad fue preparada el 20 de octubre de 2025.<\/p><p>El m\u00e9todo empleado para preparar la declaraci\u00f3n ha sido la auditor\u00eda manual externa.<\/p><h2>Observaciones y datos de contacto<\/h2><p>Puede realizar comunicaciones sobre requisitos de accesibilidad en:<\/p><p>El correo electr\u00f3nico: info@caplatypus.com<\/p><p>En el tel\u00e9fono 936255407<\/p><p>Si quiere presentar una solicitud de informaci\u00f3n accesible o queja, debe concretar, con toda claridad, los hechos, razones y petici\u00f3n que permitan constatar que se trata de una solicitud razonable y leg\u00edtima<\/p><h2>CONTENIDO OPCIONAL<\/h2><p>La auditor\u00eda y presente declaraci\u00f3n de accesibilidad ha sido realizada por Glocal Quality Solutions.<\/p><p><img decoding=\"async\" class=\"alignnone size-full wp-image-275\" src=\"https:\/\/www.caplatypus.com\/wp-content\/uploads\/Logo-GLOCAL-WCAG-2.1.png\" alt=\"\" width=\"200\" height=\"100\" srcset=\"https:\/\/www.caplatypus.com\/wp-content\/uploads\/Logo-GLOCAL-WCAG-2.1.png 200w, https:\/\/www.caplatypus.com\/wp-content\/uploads\/Logo-GLOCAL-WCAG-2.1-18x9.png 18w\" sizes=\"(max-width: 200px) 100vw, 200px\" \/><\/p>\t\t\t\t\t\t\t\t<\/div>\n\t\t\t\t<\/div>\n\t\t\t\t\t<\/div>\n\t\t\t\t<\/div>\n\t\t\t\t<\/div>","protected":false},"excerpt":{"rendered":"<p>Yulene Loyo Guzman (Consultor\u00eda de Accesibilidad Universal) se ha comprometido a hacer accesible su sitio web de conformidad con las Pautas de Accesibilidad Web: WCAG 2.1 nivel AA. La presente declaraci\u00f3n de accesibilidad se aplica al sitio web https:\/\/www.caplatypus.com\/ Situaci\u00f3n de cumplimiento Este sitio web es parcialmente conforme con las Pautas de Accesibilidad Web: WCAG [&hellip;]<\/p>","protected":false},"author":1,"featured_media":0,"parent":0,"menu_order":0,"comment_status":"closed","ping_status":"closed","template":"","meta":{"footnotes":""},"class_list":["post-235","page","type-page","status-publish","hentry"],"yoast_head":"<!-- This site is optimized with the Yoast SEO Premium plugin v25.1 (Yoast SEO v25.1) - https:\/\/yoast.com\/wordpress\/plugins\/seo\/ -->\n<title>Accesibilidad - Platypus Consultor\u00eda de Accesibilidad Universal<\/title>\n<meta name=\"robots\" content=\"index, follow, max-snippet:-1, max-image-preview:large, max-video-preview:-1\" \/>\n<link rel=\"canonical\" href=\"https:\/\/www.caplatypus.com\/cat\/accesibilidad\/\" \/>\n<meta property=\"og:locale\" content=\"ca_ES\" \/>\n<meta property=\"og:type\" content=\"article\" \/>\n<meta property=\"og:title\" content=\"Accesibilidad\" \/>\n<meta property=\"og:description\" content=\"Yulene Loyo Guzman (Consultor\u00eda de Accesibilidad Universal) se ha comprometido a hacer accesible su sitio web de conformidad con las Pautas de Accesibilidad Web: WCAG 2.1 nivel AA. La presente declaraci\u00f3n de accesibilidad se aplica al sitio web https:\/\/www.caplatypus.com\/ Situaci\u00f3n de cumplimiento Este sitio web es parcialmente conforme con las Pautas de Accesibilidad Web: WCAG [&hellip;]\" \/>\n<meta property=\"og:url\" content=\"https:\/\/www.caplatypus.com\/cat\/accesibilidad\/\" \/>\n<meta property=\"og:site_name\" content=\"Platypus Consultor\u00eda de Accesibilidad Universal\" \/>\n<meta property=\"article:modified_time\" content=\"2025-10-21T11:51:43+00:00\" \/>\n<meta property=\"og:image\" content=\"https:\/\/www.caplatypus.com\/wp-content\/uploads\/Logo-GLOCAL-WCAG-2.1.png\" \/>\n\t<meta property=\"og:image:width\" content=\"200\" \/>\n\t<meta property=\"og:image:height\" content=\"100\" \/>\n\t<meta property=\"og:image:type\" content=\"image\/png\" \/>\n<meta name=\"twitter:card\" content=\"summary_large_image\" \/>\n<meta name=\"twitter:label1\" content=\"Temps estimat de lectura\" \/>\n\t<meta name=\"twitter:data1\" content=\"2 minuts\" \/>\n<script type=\"application\/ld+json\" class=\"yoast-schema-graph\">{\"@context\":\"https:\/\/schema.org\",\"@graph\":[{\"@type\":\"WebPage\",\"@id\":\"https:\/\/www.caplatypus.com\/es\/accesibilidad\/\",\"url\":\"https:\/\/www.caplatypus.com\/es\/accesibilidad\/\",\"name\":\"Accesibilidad - Platypus Consultor\u00eda de Accesibilidad Universal\",\"isPartOf\":{\"@id\":\"https:\/\/www.caplatypus.com\/es\/#website\"},\"primaryImageOfPage\":{\"@id\":\"https:\/\/www.caplatypus.com\/es\/accesibilidad\/#primaryimage\"},\"image\":{\"@id\":\"https:\/\/www.caplatypus.com\/es\/accesibilidad\/#primaryimage\"},\"thumbnailUrl\":\"https:\/\/www.caplatypus.com\/wp-content\/uploads\/Logo-GLOCAL-WCAG-2.1.png\",\"datePublished\":\"2024-12-17T09:42:08+00:00\",\"dateModified\":\"2025-10-21T11:51:43+00:00\",\"breadcrumb\":{\"@id\":\"https:\/\/www.caplatypus.com\/es\/accesibilidad\/#breadcrumb\"},\"inLanguage\":\"ca\",\"potentialAction\":[{\"@type\":\"ReadAction\",\"target\":[\"https:\/\/www.caplatypus.com\/es\/accesibilidad\/\"]}]},{\"@type\":\"ImageObject\",\"inLanguage\":\"ca\",\"@id\":\"https:\/\/www.caplatypus.com\/es\/accesibilidad\/#primaryimage\",\"url\":\"https:\/\/www.caplatypus.com\/wp-content\/uploads\/Logo-GLOCAL-WCAG-2.1.png\",\"contentUrl\":\"https:\/\/www.caplatypus.com\/wp-content\/uploads\/Logo-GLOCAL-WCAG-2.1.png\"},{\"@type\":\"BreadcrumbList\",\"@id\":\"https:\/\/www.caplatypus.com\/es\/accesibilidad\/#breadcrumb\",\"itemListElement\":[{\"@type\":\"ListItem\",\"position\":1,\"name\":\"Portada\",\"item\":\"https:\/\/www.caplatypus.com\/\"},{\"@type\":\"ListItem\",\"position\":2,\"name\":\"Accesibilidad\"}]},{\"@type\":\"WebSite\",\"@id\":\"https:\/\/www.caplatypus.com\/es\/#website\",\"url\":\"https:\/\/www.caplatypus.com\/es\/\",\"name\":\"Platypus Consultor\u00eda de Accesibilidad Universal\",\"description\":\"Barcelona\",\"publisher\":{\"@id\":\"https:\/\/www.caplatypus.com\/es\/#organization\"},\"potentialAction\":[{\"@type\":\"SearchAction\",\"target\":{\"@type\":\"EntryPoint\",\"urlTemplate\":\"https:\/\/www.caplatypus.com\/es\/?s={search_term_string}\"},\"query-input\":{\"@type\":\"PropertyValueSpecification\",\"valueRequired\":true,\"valueName\":\"search_term_string\"}}],\"inLanguage\":\"ca\"},{\"@type\":\"Organization\",\"@id\":\"https:\/\/www.caplatypus.com\/es\/#organization\",\"name\":\"Platypus Consultor\u00eda de Accesibilidad Universal\",\"url\":\"https:\/\/www.caplatypus.com\/es\/\",\"logo\":{\"@type\":\"ImageObject\",\"inLanguage\":\"ca\",\"@id\":\"https:\/\/www.caplatypus.com\/es\/#\/schema\/logo\/image\/\",\"url\":\"https:\/\/www.caplatypus.com\/wp-content\/uploads\/logo_platypus.png\",\"contentUrl\":\"https:\/\/www.caplatypus.com\/wp-content\/uploads\/logo_platypus.png\",\"width\":832,\"height\":761,\"caption\":\"Platypus Consultor\u00eda de Accesibilidad Universal\"},\"image\":{\"@id\":\"https:\/\/www.caplatypus.com\/es\/#\/schema\/logo\/image\/\"},\"sameAs\":[\"https:\/\/www.linkedin.com\/company\/ca-platypus\/\"]}]}<\/script>\n<!-- \/ Yoast SEO Premium plugin. -->","yoast_head_json":{"title":"Accesibilidad - Platypus Consultor\u00eda de Accesibilidad Universal","robots":{"index":"index","follow":"follow","max-snippet":"max-snippet:-1","max-image-preview":"max-image-preview:large","max-video-preview":"max-video-preview:-1"},"canonical":"https:\/\/www.caplatypus.com\/cat\/accesibilidad\/","og_locale":"ca_ES","og_type":"article","og_title":"Accesibilidad","og_description":"Yulene Loyo Guzman (Consultor\u00eda de Accesibilidad Universal) se ha comprometido a hacer accesible su sitio web de conformidad con las Pautas de Accesibilidad Web: WCAG 2.1 nivel AA. La presente declaraci\u00f3n de accesibilidad se aplica al sitio web https:\/\/www.caplatypus.com\/ Situaci\u00f3n de cumplimiento Este sitio web es parcialmente conforme con las Pautas de Accesibilidad Web: WCAG [&hellip;]","og_url":"https:\/\/www.caplatypus.com\/cat\/accesibilidad\/","og_site_name":"Platypus Consultor\u00eda de Accesibilidad Universal","article_modified_time":"2025-10-21T11:51:43+00:00","og_image":[{"width":200,"height":100,"url":"https:\/\/www.caplatypus.com\/wp-content\/uploads\/Logo-GLOCAL-WCAG-2.1.png","type":"image\/png"}],"twitter_card":"summary_large_image","twitter_misc":{"Temps estimat de lectura":"2 minuts"},"schema":{"@context":"https:\/\/schema.org","@graph":[{"@type":"WebPage","@id":"https:\/\/www.caplatypus.com\/es\/accesibilidad\/","url":"https:\/\/www.caplatypus.com\/es\/accesibilidad\/","name":"Accesibilidad - Platypus Consultor\u00eda de Accesibilidad Universal","isPartOf":{"@id":"https:\/\/www.caplatypus.com\/es\/#website"},"primaryImageOfPage":{"@id":"https:\/\/www.caplatypus.com\/es\/accesibilidad\/#primaryimage"},"image":{"@id":"https:\/\/www.caplatypus.com\/es\/accesibilidad\/#primaryimage"},"thumbnailUrl":"https:\/\/www.caplatypus.com\/wp-content\/uploads\/Logo-GLOCAL-WCAG-2.1.png","datePublished":"2024-12-17T09:42:08+00:00","dateModified":"2025-10-21T11:51:43+00:00","breadcrumb":{"@id":"https:\/\/www.caplatypus.com\/es\/accesibilidad\/#breadcrumb"},"inLanguage":"ca","potentialAction":[{"@type":"ReadAction","target":["https:\/\/www.caplatypus.com\/es\/accesibilidad\/"]}]},{"@type":"ImageObject","inLanguage":"ca","@id":"https:\/\/www.caplatypus.com\/es\/accesibilidad\/#primaryimage","url":"https:\/\/www.caplatypus.com\/wp-content\/uploads\/Logo-GLOCAL-WCAG-2.1.png","contentUrl":"https:\/\/www.caplatypus.com\/wp-content\/uploads\/Logo-GLOCAL-WCAG-2.1.png"},{"@type":"BreadcrumbList","@id":"https:\/\/www.caplatypus.com\/es\/accesibilidad\/#breadcrumb","itemListElement":[{"@type":"ListItem","position":1,"name":"Portada","item":"https:\/\/www.caplatypus.com\/"},{"@type":"ListItem","position":2,"name":"Accesibilidad"}]},{"@type":"WebSite","@id":"https:\/\/www.caplatypus.com\/es\/#website","url":"https:\/\/www.caplatypus.com\/es\/","name":"Platypus Consultor\u00eda de Accesibilidad Universal","description":"Barcelona","publisher":{"@id":"https:\/\/www.caplatypus.com\/es\/#organization"},"potentialAction":[{"@type":"SearchAction","target":{"@type":"EntryPoint","urlTemplate":"https:\/\/www.caplatypus.com\/es\/?s={search_term_string}"},"query-input":{"@type":"PropertyValueSpecification","valueRequired":true,"valueName":"search_term_string"}}],"inLanguage":"ca"},{"@type":"Organization","@id":"https:\/\/www.caplatypus.com\/es\/#organization","name":"Platypus Consultor\u00eda de Accesibilidad Universal","url":"https:\/\/www.caplatypus.com\/es\/","logo":{"@type":"ImageObject","inLanguage":"ca","@id":"https:\/\/www.caplatypus.com\/es\/#\/schema\/logo\/image\/","url":"https:\/\/www.caplatypus.com\/wp-content\/uploads\/logo_platypus.png","contentUrl":"https:\/\/www.caplatypus.com\/wp-content\/uploads\/logo_platypus.png","width":832,"height":761,"caption":"Platypus Consultor\u00eda de Accesibilidad Universal"},"image":{"@id":"https:\/\/www.caplatypus.com\/es\/#\/schema\/logo\/image\/"},"sameAs":["https:\/\/www.linkedin.com\/company\/ca-platypus\/"]}]}},"_links":{"self":[{"href":"https:\/\/www.caplatypus.com\/cat\/wp-json\/wp\/v2\/pages\/235","targetHints":{"allow":["GET"]}}],"collection":[{"href":"https:\/\/www.caplatypus.com\/cat\/wp-json\/wp\/v2\/pages"}],"about":[{"href":"https:\/\/www.caplatypus.com\/cat\/wp-json\/wp\/v2\/types\/page"}],"author":[{"embeddable":true,"href":"https:\/\/www.caplatypus.com\/cat\/wp-json\/wp\/v2\/users\/1"}],"replies":[{"embeddable":true,"href":"https:\/\/www.caplatypus.com\/cat\/wp-json\/wp\/v2\/comments?post=235"}],"version-history":[{"count":2,"href":"https:\/\/www.caplatypus.com\/cat\/wp-json\/wp\/v2\/pages\/235\/revisions"}],"predecessor-version":[{"id":1652,"href":"https:\/\/www.caplatypus.com\/cat\/wp-json\/wp\/v2\/pages\/235\/revisions\/1652"}],"wp:attachment":[{"href":"https:\/\/www.caplatypus.com\/cat\/wp-json\/wp\/v2\/media?parent=235"}],"curies":[{"name":"wp","href":"https:\/\/api.w.org\/{rel}","templated":true}]}}