{"id":3,"date":"2024-12-10T12:50:35","date_gmt":"2024-12-10T11:50:35","guid":{"rendered":"https:\/\/www.caplatypus.com\/?page_id=3"},"modified":"2025-03-20T11:50:42","modified_gmt":"2025-03-20T10:50:42","slug":"politica-de-privacidad","status":"publish","type":"page","link":"https:\/\/www.caplatypus.com\/en\/politica-de-privacidad\/","title":{"rendered":"Privacy"},"content":{"rendered":"<div data-elementor-type=\"wp-page\" data-elementor-id=\"3\" class=\"elementor elementor-3\" data-elementor-post-type=\"page\">\n\t\t\t\t<div class=\"elementor-element elementor-element-0abf641 e-flex e-con-boxed e-con e-parent\" data-id=\"0abf641\" data-element_type=\"container\">\n\t\t\t\t\t<div class=\"e-con-inner\">\n\t\t\t\t<div class=\"elementor-element elementor-element-773e109 elementor-widget elementor-widget-text-editor\" data-id=\"773e109\" data-element_type=\"widget\" data-widget_type=\"text-editor.default\">\n\t\t\t\t<div class=\"elementor-widget-container\">\n\t\t\t\t\t\t\t\t\t<p>Yulene Loyo Guzman informa seguidamente de su pol\u00edtica de privacidad aplicada a los datos personales. El uso de la p\u00e1gina web no implica que el usuario deba suministrar informaci\u00f3n alguna respecto a su identidad, no pudiendo ser asociada a un usuario concreto por la empresa. En el supuesto que se suministre datos de car\u00e1cter de personal, estos datos ser\u00e1n recogidos y utilizados conforme a las limitaciones y los derechos recogidos en la citada norma.<\/p><h2>\u00bfQUI\u00c9N ES EL RESPONSABLE DEL TRATAMIENTO DE SUS DATOS?<\/h2><ul><li>RESPONSABLE DEL TRATAMIENTO de sus datos es: Yulene Loyo Guzman<\/li><li>NIF: 44938987T<\/li><li>Direcci\u00f3n Postal: Mare de deu de Nuria 11-15 , bajo 5, 08017, Barcelona<\/li><li>Correo electr\u00f3nico: info@caplatypus.com<\/li><\/ul><h2>\u00bfQU\u00c9 TIPO DE DATOS TRATAMOS?<\/h2><p>Dependiendo de los productos, servicios o funcionalidades de los que quiera disfrutar en cada momento necesitaremos tratar unos datos u otros. En general dichos datos, ser\u00e1n, seg\u00fan el caso, los siguientes:<\/p><p>Sus datos identificativos (Por ejemplo: Su nombre, apellido, idioma, pa\u00eds desde el que interact\u00faas con nosotros, datos de contacto, etc.)<br \/>Datos de conexi\u00f3n, geolocalizaci\u00f3n y navegaci\u00f3n (en caso de que interact\u00faes con nosotros desde el m\u00f3vil, por ejemplo).<br \/>Informaci\u00f3n comercial si estuviera suscrito a nuestra newsletter.<br \/>Datos sobre sus gustos y preferencias.<br \/>Recuerda que, cuando le pidamos que rellene sus datos personales para darle acceso a alguna funcionalidad o servicio de la web, marcaremos algunos campos como obligatorios, puesto que son datos que necesitamos para poder prestarle el servicio o darle acceso a la funcionalidad en cuesti\u00f3n.<\/p><p>Por favor, tenga en cuenta que, si decide no facilitarnos esos datos, es posible que no pueda completar su registro como usuario o que no pueda disfrutar de esos servicios o funcionalidades.<\/p><h2>\u00bfCON QU\u00c9 FINALIDAD TRATAMOS SUS DATOS PERSONALES?<\/h2><p>Dependiendo de c\u00f3mo interact\u00fae con nuestra web, trataremos sus datos personales para las siguientes finalidades:<\/p><ol><li>Para atender las solicitudes o peticiones que realice a trav\u00e9s de los distintos medios incorporados a nuestra web. S\u00f3lo tratamos los datos personales que sean estrictamente necesarios para gestionar o resolver su solicitud o petici\u00f3n.<\/li><li>Para fines de marketing. En la medida en que se suscriba a nuestra Newsletter, sus datos personales ser\u00e1n utilizados para la remisi\u00f3n peri\u00f3dica de boletines informativos de la empresa. Debe recordar que puede darse de baja de la Newsletter en cualquier momento y sin coste alguno comunic\u00e1ndolo a Yulene Loyo Guzman en el e-mail info@caplatypus.com ,<\/li><li>An\u00e1lisis de usabilidad y de calidad para la mejora de nuestros servicios (Cookies). Si accede a nuestra Plataforma, le informamos de que trataremos sus datos de navegaci\u00f3n para fines anal\u00edticos y estad\u00edsticos, es decir, para entender la forma en la que los usuarios interact\u00faan con nuestra Plataforma y as\u00ed ser capaces de introducir mejoras en la misma. As\u00ed mismo, en ocasiones, realizamos acciones y encuestas de calidad destinadas a conocer el grado de satisfacci\u00f3n de nuestros clientes y usuarios y detectar aquellas \u00e1reas en las que podemos mejorar.<\/li><\/ol><h2>\u00bfCU\u00c1L ES LA LEGITIMACI\u00d3N PARA EL TRATAMIENTO DE SUS DATOS?<\/h2><p>La base legal que nos permite tratar sus datos personales tambi\u00e9n depende de la finalidad para la que los tratemos, de este modo encontraremos distintas bases legales en virtud de las siguientes finalidades:<\/p><ol><li>Atenci\u00f3n solicitudes de informaci\u00f3n. La base legal para el tratamiento de sus datos es el consentimiento informado para dar respuesta a las consultas planteadas a trav\u00e9s de la p\u00e1gina web, lo que supone la aceptaci\u00f3n de estas condiciones por parte del interesado.<\/li><li>Marketing. La base leg\u00edtima para tratar sus datos con finalidades de marketing es el consentimiento que usted presta.<\/li><li>An\u00e1lisis de usabilidad y de calidad (Cookies). Consentimiento del usuario para la implantaci\u00f3n de cookies.<\/li><\/ol><h2>\u00bfDURANTE CU\u00c1NTO TIEMPO CONSERVAREMOS SUS DATOS?<\/h2><ol><li>Solicitud de informaci\u00f3n. Trataremos sus datos durante el tiempo que sea necesario para atender su solicitud o petici\u00f3n y posteriormente 1 a\u00f1o.<\/li><li>Marketing. Trataremos sus datos hasta que solicite la baja o cancele su suscripci\u00f3n a la newsletter.<\/li><\/ol><h2>\u00bfCOMPARTIREMOS SUS DATOS CON TERCEROS?<\/h2><p>Para cumplir las finalidades indicadas en la presente Pol\u00edtica de Privacidad, es necesario que demos acceso a sus datos personales a terceras partes que nos presten apoyo en los servicios que le ofrecemos y que detallamos a continuaci\u00f3n:<\/p><p>Para llevar a cabo la prestaci\u00f3n del servicio correspondiente y poner en contacto a los solicitantes con ofertantes de servicios.<br \/>Proveedores de servicios tecnol\u00f3gicos<\/p><h2>\u00bfCU\u00c1LES SON TUS DERECHOS CUANDO NOS FACILITA TUS DATOS?<\/h2><p>Nos comprometemos a respetar la confidencialidad de sus datos personales y a garantizarle el ejercicio de sus derechos.<\/p><p>Podr\u00e1 ejercitarlos sin coste alguno remiti\u00e9ndonos un correo electr\u00f3nico a nuestra direcci\u00f3n info@caplatypus.com , simplemente indic\u00e1ndonos el motivo de su solicitud y el derecho que quiere ejercitar.<\/p><p>En caso de que lo consideremos necesario para poder identificarle, podremos solicitarle copia de un documento acreditativo de su identidad. En particular, independientemente de la finalidad o la base legal en virtud de la que tratemos sus datos, usted tiene derecho a:<\/p><p>Pedirnos acceso a los datos suyos de los que disponemos.<\/p><p>Pedirnos que rectifiquemos los datos de los que ya disponemos. Tenga en cuenta que, al facilitarnos activamente sus datos personales por cualquier v\u00eda, garantiza que son ciertos y exactos y se comprometes a notificarnos cualquier cambio o modificaci\u00f3n de los mismos.<\/p><p>Pedirnos que suprimamos sus datos en la medida en que ya no sean necesarios para la finalidad para los que necesitemos tratarlos seg\u00fan te hemos informado con anterioridad, o en que ya no contemos con legitimaci\u00f3n para hacerlo.<\/p><p>Pedirnos que limitemos el tratamiento de sus datos, lo que supone que en determinados casos pueda solicitarnos que suspendamos temporalmente el tratamiento de los datos o que los conservemos m\u00e1s all\u00e1 del tiempo necesario cuando puedas necesitarlo. Si nos ha proporcionado su consentimiento para el tratamiento de sus datos para cualquier finalidad, tambi\u00e9n tiene derecho a retirarlo en cualquier momento.<\/p><p>Por otra parte, cuando el tratamiento de sus datos est\u00e9 basado en nuestro inter\u00e9s leg\u00edtimo, tambi\u00e9n tendr\u00e1s derecho a oponerte al tratamiento de sus datos.<\/p><p>Por \u00faltimo, le informamos de su derecho a presentar una reclamaci\u00f3n ante la autoridad de control en materia de protecci\u00f3n de datos pertinente, en particular, ante la Agencia Espa\u00f1ola de Protecci\u00f3n de Datos https:\/\/www.agpd.es\/<\/p><h2>CAMBIOS A LA POL\u00cdTICA DE PRIVACIDAD<\/h2><p>Es posible que modifiquemos la informaci\u00f3n contenida en esta Pol\u00edtica de Privacidad cuando lo estimemos conveniente. En caso de que lo hagamos, se lo notificaremos por distintas v\u00edas a trav\u00e9s de la Plataforma, o incluso se lo comunicaremos a tu direcci\u00f3n de correo electr\u00f3nico cuando el cambio en cuesti\u00f3n sea significativo para con su privacidad, de manera que pueda revisar los cambios, valorarlos y, en su caso, oponerse o darse de baja en alg\u00fan servicio o funcionalidad.<\/p><h2>INFORMACI\u00d3N SOBRE COOKIES<\/h2><p>Utilizamos cookies y dispositivos similares para facilitar su navegaci\u00f3n en la Plataforma, conocer c\u00f3mo interact\u00faas con nosotros y, en determinados casos, poder mostrarte publicidad en funci\u00f3n de tus h\u00e1bitos de navegaci\u00f3n. Por favor, lee nuestra Pol\u00edtica de Cookies para conocer con mayor detalle las cookies y dispositivos similares que usamos, su finalidad y otra informaci\u00f3n de inter\u00e9s.<\/p>\t\t\t\t\t\t\t\t<\/div>\n\t\t\t\t<\/div>\n\t\t\t\t\t<\/div>\n\t\t\t\t<\/div>\n\t\t\t\t<\/div>","protected":false},"excerpt":{"rendered":"<p>Yulene Loyo Guzman informa seguidamente de su pol\u00edtica de privacidad aplicada a los datos personales. El uso de la p\u00e1gina web no implica que el usuario deba suministrar informaci\u00f3n alguna respecto a su identidad, no pudiendo ser asociada a un usuario concreto por la empresa. En el supuesto que se suministre datos de car\u00e1cter de [&hellip;]<\/p>","protected":false},"author":1,"featured_media":0,"parent":0,"menu_order":0,"comment_status":"closed","ping_status":"closed","template":"","meta":{"footnotes":""},"class_list":["post-3","page","type-page","status-publish","hentry"],"yoast_head":"<!-- This site is optimized with the Yoast SEO Premium plugin v25.1 (Yoast SEO v25.1) - https:\/\/yoast.com\/wordpress\/plugins\/seo\/ -->\n<title>Privacidad - Platypus Consultor\u00eda de Accesibilidad Universal<\/title>\n<meta name=\"robots\" content=\"index, follow, max-snippet:-1, max-image-preview:large, max-video-preview:-1\" \/>\n<link rel=\"canonical\" href=\"https:\/\/www.caplatypus.com\/en\/politica-de-privacidad\/\" \/>\n<meta property=\"og:locale\" content=\"en_GB\" \/>\n<meta property=\"og:type\" content=\"article\" \/>\n<meta property=\"og:title\" content=\"Privacidad\" \/>\n<meta property=\"og:description\" content=\"Yulene Loyo Guzman informa seguidamente de su pol\u00edtica de privacidad aplicada a los datos personales. El uso de la p\u00e1gina web no implica que el usuario deba suministrar informaci\u00f3n alguna respecto a su identidad, no pudiendo ser asociada a un usuario concreto por la empresa. En el supuesto que se suministre datos de car\u00e1cter de [&hellip;]\" \/>\n<meta property=\"og:url\" content=\"https:\/\/www.caplatypus.com\/en\/politica-de-privacidad\/\" \/>\n<meta property=\"og:site_name\" content=\"Platypus Consultor\u00eda de Accesibilidad Universal\" \/>\n<meta property=\"article:modified_time\" content=\"2025-03-20T10:50:42+00:00\" \/>\n<meta name=\"twitter:card\" content=\"summary_large_image\" \/>\n<meta name=\"twitter:label1\" content=\"Estimated reading time\" \/>\n\t<meta name=\"twitter:data1\" content=\"6 minutes\" \/>\n<script type=\"application\/ld+json\" class=\"yoast-schema-graph\">{\"@context\":\"https:\/\/schema.org\",\"@graph\":[{\"@type\":\"WebPage\",\"@id\":\"https:\/\/www.caplatypus.com\/politica-de-privacidad\/\",\"url\":\"https:\/\/www.caplatypus.com\/politica-de-privacidad\/\",\"name\":\"Privacidad - Platypus Consultor\u00eda de Accesibilidad Universal\",\"isPartOf\":{\"@id\":\"https:\/\/www.caplatypus.com\/es\/#website\"},\"datePublished\":\"2024-12-10T11:50:35+00:00\",\"dateModified\":\"2025-03-20T10:50:42+00:00\",\"breadcrumb\":{\"@id\":\"https:\/\/www.caplatypus.com\/politica-de-privacidad\/#breadcrumb\"},\"inLanguage\":\"en-GB\",\"potentialAction\":[{\"@type\":\"ReadAction\",\"target\":[\"https:\/\/www.caplatypus.com\/politica-de-privacidad\/\"]}]},{\"@type\":\"BreadcrumbList\",\"@id\":\"https:\/\/www.caplatypus.com\/politica-de-privacidad\/#breadcrumb\",\"itemListElement\":[{\"@type\":\"ListItem\",\"position\":1,\"name\":\"Portada\",\"item\":\"https:\/\/www.caplatypus.com\/\"},{\"@type\":\"ListItem\",\"position\":2,\"name\":\"Privacidad\"}]},{\"@type\":\"WebSite\",\"@id\":\"https:\/\/www.caplatypus.com\/es\/#website\",\"url\":\"https:\/\/www.caplatypus.com\/es\/\",\"name\":\"Platypus Consultor\u00eda de Accesibilidad Universal\",\"description\":\"Barcelona\",\"publisher\":{\"@id\":\"https:\/\/www.caplatypus.com\/es\/#organization\"},\"potentialAction\":[{\"@type\":\"SearchAction\",\"target\":{\"@type\":\"EntryPoint\",\"urlTemplate\":\"https:\/\/www.caplatypus.com\/es\/?s={search_term_string}\"},\"query-input\":{\"@type\":\"PropertyValueSpecification\",\"valueRequired\":true,\"valueName\":\"search_term_string\"}}],\"inLanguage\":\"en-GB\"},{\"@type\":\"Organization\",\"@id\":\"https:\/\/www.caplatypus.com\/es\/#organization\",\"name\":\"Platypus Consultor\u00eda de Accesibilidad Universal\",\"url\":\"https:\/\/www.caplatypus.com\/es\/\",\"logo\":{\"@type\":\"ImageObject\",\"inLanguage\":\"en-GB\",\"@id\":\"https:\/\/www.caplatypus.com\/es\/#\/schema\/logo\/image\/\",\"url\":\"https:\/\/www.caplatypus.com\/wp-content\/uploads\/logo_platypus.png\",\"contentUrl\":\"https:\/\/www.caplatypus.com\/wp-content\/uploads\/logo_platypus.png\",\"width\":832,\"height\":761,\"caption\":\"Platypus Consultor\u00eda de Accesibilidad Universal\"},\"image\":{\"@id\":\"https:\/\/www.caplatypus.com\/es\/#\/schema\/logo\/image\/\"},\"sameAs\":[\"https:\/\/www.linkedin.com\/company\/ca-platypus\/\"]}]}<\/script>\n<!-- \/ Yoast SEO Premium plugin. -->","yoast_head_json":{"title":"Privacidad - Platypus Consultor\u00eda de Accesibilidad Universal","robots":{"index":"index","follow":"follow","max-snippet":"max-snippet:-1","max-image-preview":"max-image-preview:large","max-video-preview":"max-video-preview:-1"},"canonical":"https:\/\/www.caplatypus.com\/en\/politica-de-privacidad\/","og_locale":"en_GB","og_type":"article","og_title":"Privacidad","og_description":"Yulene Loyo Guzman informa seguidamente de su pol\u00edtica de privacidad aplicada a los datos personales. El uso de la p\u00e1gina web no implica que el usuario deba suministrar informaci\u00f3n alguna respecto a su identidad, no pudiendo ser asociada a un usuario concreto por la empresa. En el supuesto que se suministre datos de car\u00e1cter de [&hellip;]","og_url":"https:\/\/www.caplatypus.com\/en\/politica-de-privacidad\/","og_site_name":"Platypus Consultor\u00eda de Accesibilidad Universal","article_modified_time":"2025-03-20T10:50:42+00:00","twitter_card":"summary_large_image","twitter_misc":{"Estimated reading time":"6 minutes"},"schema":{"@context":"https:\/\/schema.org","@graph":[{"@type":"WebPage","@id":"https:\/\/www.caplatypus.com\/politica-de-privacidad\/","url":"https:\/\/www.caplatypus.com\/politica-de-privacidad\/","name":"Privacidad - Platypus Consultor\u00eda de Accesibilidad Universal","isPartOf":{"@id":"https:\/\/www.caplatypus.com\/es\/#website"},"datePublished":"2024-12-10T11:50:35+00:00","dateModified":"2025-03-20T10:50:42+00:00","breadcrumb":{"@id":"https:\/\/www.caplatypus.com\/politica-de-privacidad\/#breadcrumb"},"inLanguage":"en-GB","potentialAction":[{"@type":"ReadAction","target":["https:\/\/www.caplatypus.com\/politica-de-privacidad\/"]}]},{"@type":"BreadcrumbList","@id":"https:\/\/www.caplatypus.com\/politica-de-privacidad\/#breadcrumb","itemListElement":[{"@type":"ListItem","position":1,"name":"Portada","item":"https:\/\/www.caplatypus.com\/"},{"@type":"ListItem","position":2,"name":"Privacidad"}]},{"@type":"WebSite","@id":"https:\/\/www.caplatypus.com\/es\/#website","url":"https:\/\/www.caplatypus.com\/es\/","name":"Platypus Consultor\u00eda de Accesibilidad Universal","description":"Barcelona","publisher":{"@id":"https:\/\/www.caplatypus.com\/es\/#organization"},"potentialAction":[{"@type":"SearchAction","target":{"@type":"EntryPoint","urlTemplate":"https:\/\/www.caplatypus.com\/es\/?s={search_term_string}"},"query-input":{"@type":"PropertyValueSpecification","valueRequired":true,"valueName":"search_term_string"}}],"inLanguage":"en-GB"},{"@type":"Organization","@id":"https:\/\/www.caplatypus.com\/es\/#organization","name":"Platypus Consultor\u00eda de Accesibilidad Universal","url":"https:\/\/www.caplatypus.com\/es\/","logo":{"@type":"ImageObject","inLanguage":"en-GB","@id":"https:\/\/www.caplatypus.com\/es\/#\/schema\/logo\/image\/","url":"https:\/\/www.caplatypus.com\/wp-content\/uploads\/logo_platypus.png","contentUrl":"https:\/\/www.caplatypus.com\/wp-content\/uploads\/logo_platypus.png","width":832,"height":761,"caption":"Platypus Consultor\u00eda de Accesibilidad Universal"},"image":{"@id":"https:\/\/www.caplatypus.com\/es\/#\/schema\/logo\/image\/"},"sameAs":["https:\/\/www.linkedin.com\/company\/ca-platypus\/"]}]}},"_links":{"self":[{"href":"https:\/\/www.caplatypus.com\/en\/wp-json\/wp\/v2\/pages\/3","targetHints":{"allow":["GET"]}}],"collection":[{"href":"https:\/\/www.caplatypus.com\/en\/wp-json\/wp\/v2\/pages"}],"about":[{"href":"https:\/\/www.caplatypus.com\/en\/wp-json\/wp\/v2\/types\/page"}],"author":[{"embeddable":true,"href":"https:\/\/www.caplatypus.com\/en\/wp-json\/wp\/v2\/users\/1"}],"replies":[{"embeddable":true,"href":"https:\/\/www.caplatypus.com\/en\/wp-json\/wp\/v2\/comments?post=3"}],"version-history":[{"count":2,"href":"https:\/\/www.caplatypus.com\/en\/wp-json\/wp\/v2\/pages\/3\/revisions"}],"predecessor-version":[{"id":1324,"href":"https:\/\/www.caplatypus.com\/en\/wp-json\/wp\/v2\/pages\/3\/revisions\/1324"}],"wp:attachment":[{"href":"https:\/\/www.caplatypus.com\/en\/wp-json\/wp\/v2\/media?parent=3"}],"curies":[{"name":"wp","href":"https:\/\/api.w.org\/{rel}","templated":true}]}}