{"id":1027,"date":"2025-02-07T08:33:02","date_gmt":"2025-02-07T07:33:02","guid":{"rendered":"https:\/\/www.caplatypus.com\/?page_id=1027"},"modified":"2025-03-24T12:26:15","modified_gmt":"2025-03-24T11:26:15","slug":"organizacion-y-empresa","status":"publish","type":"page","link":"https:\/\/www.caplatypus.com\/es\/organizacion-y-empresa\/","title":{"rendered":"Organizaci\u00f3n y Empresa"},"content":{"rendered":"\t\t<div data-elementor-type=\"wp-page\" data-elementor-id=\"1027\" class=\"elementor elementor-1027\" data-elementor-post-type=\"page\">\n\t\t\t\t\t\t<section class=\"elementor-section elementor-top-section elementor-element elementor-element-78aa4b6c elementor-section-content-middle elementor-section-boxed elementor-section-height-default elementor-section-height-default\" data-id=\"78aa4b6c\" data-element_type=\"section\" data-settings=\"{&quot;background_background&quot;:&quot;classic&quot;}\">\n\t\t\t\t\t\t<div class=\"elementor-container elementor-column-gap-no\">\n\t\t\t\t\t<div class=\"elementor-column elementor-col-100 elementor-top-column elementor-element elementor-element-506fc70\" data-id=\"506fc70\" data-element_type=\"column\">\n\t\t\t<div class=\"elementor-widget-wrap elementor-element-populated\">\n\t\t\t\t\t\t\t<\/div>\n\t\t<\/div>\n\t\t\t\t\t<\/div>\n\t\t<\/section>\n\t\t<div class=\"elementor-element elementor-element-bd6c573 e-flex e-con-boxed e-con e-parent\" data-id=\"bd6c573\" data-element_type=\"container\">\n\t\t\t\t\t<div class=\"e-con-inner\">\n\t\t<div class=\"elementor-element elementor-element-7a8ec22 e-con-full e-flex e-con e-child\" data-id=\"7a8ec22\" data-element_type=\"container\">\n\t\t\t\t<div class=\"elementor-element elementor-element-03ab868 elementor-widget elementor-widget-text-editor\" data-id=\"03ab868\" data-element_type=\"widget\" data-widget_type=\"text-editor.default\">\n\t\t\t\t<div class=\"elementor-widget-container\">\n\t\t\t\t\t\t\t\t\t<p>Nuestro equipo de consultores aplicando accesibilidad te ayudar\u00e1 a:<\/p>\t\t\t\t\t\t\t\t<\/div>\n\t\t\t\t<\/div>\n\t\t\t\t<div class=\"elementor-element elementor-element-8234805 elementor-icon-list--layout-traditional elementor-list-item-link-full_width elementor-widget elementor-widget-icon-list\" data-id=\"8234805\" data-element_type=\"widget\" data-widget_type=\"icon-list.default\">\n\t\t\t\t<div class=\"elementor-widget-container\">\n\t\t\t\t\t\t\t<ul class=\"elementor-icon-list-items\">\n\t\t\t\t\t\t\t<li class=\"elementor-icon-list-item\">\n\t\t\t\t\t\t\t\t\t\t\t<span class=\"elementor-icon-list-icon\">\n\t\t\t\t\t\t\t<svg aria-hidden=\"true\" class=\"e-font-icon-svg e-fas-check\" viewBox=\"0 0 512 512\" xmlns=\"http:\/\/www.w3.org\/2000\/svg\"><path d=\"M173.898 439.404l-166.4-166.4c-9.997-9.997-9.997-26.206 0-36.204l36.203-36.204c9.997-9.998 26.207-9.998 36.204 0L192 312.69 432.095 72.596c9.997-9.997 26.207-9.997 36.204 0l36.203 36.204c9.997 9.997 9.997 26.206 0 36.204l-294.4 294.401c-9.998 9.997-26.207 9.997-36.204-.001z\"><\/path><\/svg>\t\t\t\t\t\t<\/span>\n\t\t\t\t\t\t\t\t\t\t<span class=\"elementor-icon-list-text\"><strong>Innovar en la cultura organizacional:<\/strong> Implementamos metodolog\u00edas accesibles que promueven la diversidad y la inclusi\u00f3n. Juntos descubrimos un universo de posibilidades para transformar tu organizaci\u00f3n.<\/span>\n\t\t\t\t\t\t\t\t\t<\/li>\n\t\t\t\t\t\t\t\t<li class=\"elementor-icon-list-item\">\n\t\t\t\t\t\t\t\t\t\t\t<span class=\"elementor-icon-list-icon\">\n\t\t\t\t\t\t\t<svg aria-hidden=\"true\" class=\"e-font-icon-svg e-fas-check\" viewBox=\"0 0 512 512\" xmlns=\"http:\/\/www.w3.org\/2000\/svg\"><path d=\"M173.898 439.404l-166.4-166.4c-9.997-9.997-9.997-26.206 0-36.204l36.203-36.204c9.997-9.998 26.207-9.998 36.204 0L192 312.69 432.095 72.596c9.997-9.997 26.207-9.997 36.204 0l36.203 36.204c9.997 9.997 9.997 26.206 0 36.204l-294.4 294.401c-9.998 9.997-26.207 9.997-36.204-.001z\"><\/path><\/svg>\t\t\t\t\t\t<\/span>\n\t\t\t\t\t\t\t\t\t\t<span class=\"elementor-icon-list-text\"><strong>Mejorar la experiencia de usuario:<\/strong> La accesibilidad no solo optimiza la interacci\u00f3n, sino que tambi\u00e9n genera un impacto positivo en la rentabilidad. Creamos soluciones accesibles que fortalecen la relaci\u00f3n con tus clientes y usuarios.<\/span>\n\t\t\t\t\t\t\t\t\t<\/li>\n\t\t\t\t\t\t\t\t<li class=\"elementor-icon-list-item\">\n\t\t\t\t\t\t\t\t\t\t\t<span class=\"elementor-icon-list-icon\">\n\t\t\t\t\t\t\t<svg aria-hidden=\"true\" class=\"e-font-icon-svg e-fas-check\" viewBox=\"0 0 512 512\" xmlns=\"http:\/\/www.w3.org\/2000\/svg\"><path d=\"M173.898 439.404l-166.4-166.4c-9.997-9.997-9.997-26.206 0-36.204l36.203-36.204c9.997-9.998 26.207-9.998 36.204 0L192 312.69 432.095 72.596c9.997-9.997 26.207-9.997 36.204 0l36.203 36.204c9.997 9.997 9.997 26.206 0 36.204l-294.4 294.401c-9.998 9.997-26.207 9.997-36.204-.001z\"><\/path><\/svg>\t\t\t\t\t\t<\/span>\n\t\t\t\t\t\t\t\t\t\t<span class=\"elementor-icon-list-text\"><strong>Potenciar el talento organizacional:<\/strong> Fomentamos una cultura inclusiva que atrae y retiene el talento, aprovechando el potencial de cada individuo para alcanzar el \u00e9xito.<\/span>\n\t\t\t\t\t\t\t\t\t<\/li>\n\t\t\t\t\t\t\t\t<li class=\"elementor-icon-list-item\">\n\t\t\t\t\t\t\t\t\t\t\t<span class=\"elementor-icon-list-icon\">\n\t\t\t\t\t\t\t<svg aria-hidden=\"true\" class=\"e-font-icon-svg e-fas-check\" viewBox=\"0 0 512 512\" xmlns=\"http:\/\/www.w3.org\/2000\/svg\"><path d=\"M173.898 439.404l-166.4-166.4c-9.997-9.997-9.997-26.206 0-36.204l36.203-36.204c9.997-9.998 26.207-9.998 36.204 0L192 312.69 432.095 72.596c9.997-9.997 26.207-9.997 36.204 0l36.203 36.204c9.997 9.997 9.997 26.206 0 36.204l-294.4 294.401c-9.998 9.997-26.207 9.997-36.204-.001z\"><\/path><\/svg>\t\t\t\t\t\t<\/span>\n\t\t\t\t\t\t\t\t\t\t<span class=\"elementor-icon-list-text\"><strong>Medir y mejorar el rendimiento:<\/strong> Utilizamos indicadores clave de rendimiento (KPI) para evaluar y mejorar continuamente el impacto de las soluciones de accesibilidad implementadas en tu organizaci\u00f3n.<\/span>\n\t\t\t\t\t\t\t\t\t<\/li>\n\t\t\t\t\t\t<\/ul>\n\t\t\t\t\t\t<\/div>\n\t\t\t\t<\/div>\n\t\t\t\t<\/div>\n\t\t<div class=\"elementor-element elementor-element-4338770 e-con-full e-flex e-con e-child\" data-id=\"4338770\" data-element_type=\"container\">\n\t\t\t\t<div class=\"elementor-element elementor-element-268d9bb elementor-widget elementor-widget-image\" data-id=\"268d9bb\" data-element_type=\"widget\" data-widget_type=\"image.default\">\n\t\t\t\t<div class=\"elementor-widget-container\">\n\t\t\t\t\t\t\t\t\t\t\t\t\t\t\t<img fetchpriority=\"high\" decoding=\"async\" width=\"536\" height=\"562\" src=\"https:\/\/www.caplatypus.com\/wp-content\/uploads\/empresa.jpg\" class=\"attachment-large size-large wp-image-1180\" alt=\"\" srcset=\"https:\/\/www.caplatypus.com\/wp-content\/uploads\/empresa.jpg 536w, https:\/\/www.caplatypus.com\/wp-content\/uploads\/empresa-286x300.jpg 286w, https:\/\/www.caplatypus.com\/wp-content\/uploads\/empresa-11x12.jpg 11w\" sizes=\"(max-width: 536px) 100vw, 536px\" \/>\t\t\t\t\t\t\t\t\t\t\t\t\t\t\t<\/div>\n\t\t\t\t<\/div>\n\t\t\t\t<\/div>\n\t\t\t\t\t<\/div>\n\t\t\t\t<\/div>\n\t\t\t\t<\/div>\n\t\t","protected":false},"excerpt":{"rendered":"<p>Nuestro equipo de consultores aplicando accesibilidad te ayudar\u00e1 a: Innovar en la cultura organizacional: Implementamos metodolog\u00edas accesibles que promueven la diversidad y la inclusi\u00f3n. Juntos descubrimos un universo de posibilidades para transformar tu organizaci\u00f3n. Mejorar la experiencia de usuario: La accesibilidad no solo optimiza la interacci\u00f3n, sino que tambi\u00e9n genera un impacto positivo en la [&hellip;]<\/p>\n","protected":false},"author":1,"featured_media":0,"parent":0,"menu_order":0,"comment_status":"closed","ping_status":"closed","template":"","meta":{"footnotes":""},"class_list":["post-1027","page","type-page","status-publish","hentry"],"yoast_head":"<!-- This site is optimized with the Yoast SEO Premium plugin v25.1 (Yoast SEO v25.1) - https:\/\/yoast.com\/wordpress\/plugins\/seo\/ -->\n<title>Organizaci\u00f3n y Empresa - Platypus Consultor\u00eda de Accesibilidad Universal<\/title>\n<meta name=\"robots\" content=\"index, follow, max-snippet:-1, max-image-preview:large, max-video-preview:-1\" \/>\n<link rel=\"canonical\" href=\"https:\/\/www.caplatypus.com\/es\/organizacion-y-empresa\/\" \/>\n<meta property=\"og:locale\" content=\"es_ES\" \/>\n<meta property=\"og:type\" content=\"article\" \/>\n<meta property=\"og:title\" content=\"Organizaci\u00f3n y Empresa\" \/>\n<meta property=\"og:description\" content=\"Nuestro equipo de consultores aplicando accesibilidad te ayudar\u00e1 a: Innovar en la cultura organizacional: Implementamos metodolog\u00edas accesibles que promueven la diversidad y la inclusi\u00f3n. Juntos descubrimos un universo de posibilidades para transformar tu organizaci\u00f3n. Mejorar la experiencia de usuario: La accesibilidad no solo optimiza la interacci\u00f3n, sino que tambi\u00e9n genera un impacto positivo en la [&hellip;]\" \/>\n<meta property=\"og:url\" content=\"https:\/\/www.caplatypus.com\/es\/organizacion-y-empresa\/\" \/>\n<meta property=\"og:site_name\" content=\"Platypus Consultor\u00eda de Accesibilidad Universal\" \/>\n<meta property=\"article:modified_time\" content=\"2025-03-24T11:26:15+00:00\" \/>\n<meta property=\"og:image\" content=\"https:\/\/www.caplatypus.com\/wp-content\/uploads\/empresa.jpg\" \/>\n\t<meta property=\"og:image:width\" content=\"536\" \/>\n\t<meta property=\"og:image:height\" content=\"562\" \/>\n\t<meta property=\"og:image:type\" content=\"image\/jpeg\" \/>\n<meta name=\"twitter:card\" content=\"summary_large_image\" \/>\n<meta name=\"twitter:label1\" content=\"Tiempo de lectura\" \/>\n\t<meta name=\"twitter:data1\" content=\"1 minuto\" \/>\n<script type=\"application\/ld+json\" class=\"yoast-schema-graph\">{\"@context\":\"https:\/\/schema.org\",\"@graph\":[{\"@type\":\"WebPage\",\"@id\":\"https:\/\/www.caplatypus.com\/organizacion-y-empresa\/\",\"url\":\"https:\/\/www.caplatypus.com\/organizacion-y-empresa\/\",\"name\":\"Organizaci\u00f3n y Empresa - Platypus Consultor\u00eda de Accesibilidad Universal\",\"isPartOf\":{\"@id\":\"https:\/\/www.caplatypus.com\/es\/#website\"},\"primaryImageOfPage\":{\"@id\":\"https:\/\/www.caplatypus.com\/organizacion-y-empresa\/#primaryimage\"},\"image\":{\"@id\":\"https:\/\/www.caplatypus.com\/organizacion-y-empresa\/#primaryimage\"},\"thumbnailUrl\":\"https:\/\/www.caplatypus.com\/wp-content\/uploads\/empresa.jpg\",\"datePublished\":\"2025-02-07T07:33:02+00:00\",\"dateModified\":\"2025-03-24T11:26:15+00:00\",\"breadcrumb\":{\"@id\":\"https:\/\/www.caplatypus.com\/organizacion-y-empresa\/#breadcrumb\"},\"inLanguage\":\"es\",\"potentialAction\":[{\"@type\":\"ReadAction\",\"target\":[\"https:\/\/www.caplatypus.com\/organizacion-y-empresa\/\"]}]},{\"@type\":\"ImageObject\",\"inLanguage\":\"es\",\"@id\":\"https:\/\/www.caplatypus.com\/organizacion-y-empresa\/#primaryimage\",\"url\":\"https:\/\/www.caplatypus.com\/wp-content\/uploads\/empresa.jpg\",\"contentUrl\":\"https:\/\/www.caplatypus.com\/wp-content\/uploads\/empresa.jpg\"},{\"@type\":\"BreadcrumbList\",\"@id\":\"https:\/\/www.caplatypus.com\/organizacion-y-empresa\/#breadcrumb\",\"itemListElement\":[{\"@type\":\"ListItem\",\"position\":1,\"name\":\"Portada\",\"item\":\"https:\/\/www.caplatypus.com\/\"},{\"@type\":\"ListItem\",\"position\":2,\"name\":\"Organizaci\u00f3n y Empresa\"}]},{\"@type\":\"WebSite\",\"@id\":\"https:\/\/www.caplatypus.com\/es\/#website\",\"url\":\"https:\/\/www.caplatypus.com\/es\/\",\"name\":\"Platypus Consultor\u00eda de Accesibilidad Universal\",\"description\":\"Barcelona\",\"publisher\":{\"@id\":\"https:\/\/www.caplatypus.com\/es\/#organization\"},\"potentialAction\":[{\"@type\":\"SearchAction\",\"target\":{\"@type\":\"EntryPoint\",\"urlTemplate\":\"https:\/\/www.caplatypus.com\/es\/?s={search_term_string}\"},\"query-input\":{\"@type\":\"PropertyValueSpecification\",\"valueRequired\":true,\"valueName\":\"search_term_string\"}}],\"inLanguage\":\"es\"},{\"@type\":\"Organization\",\"@id\":\"https:\/\/www.caplatypus.com\/es\/#organization\",\"name\":\"Platypus Consultor\u00eda de Accesibilidad Universal\",\"url\":\"https:\/\/www.caplatypus.com\/es\/\",\"logo\":{\"@type\":\"ImageObject\",\"inLanguage\":\"es\",\"@id\":\"https:\/\/www.caplatypus.com\/es\/#\/schema\/logo\/image\/\",\"url\":\"https:\/\/www.caplatypus.com\/wp-content\/uploads\/logo_platypus.png\",\"contentUrl\":\"https:\/\/www.caplatypus.com\/wp-content\/uploads\/logo_platypus.png\",\"width\":832,\"height\":761,\"caption\":\"Platypus Consultor\u00eda de Accesibilidad Universal\"},\"image\":{\"@id\":\"https:\/\/www.caplatypus.com\/es\/#\/schema\/logo\/image\/\"},\"sameAs\":[\"https:\/\/www.linkedin.com\/company\/ca-platypus\/\"]}]}<\/script>\n<!-- \/ Yoast SEO Premium plugin. -->","yoast_head_json":{"title":"Organizaci\u00f3n y Empresa - Platypus Consultor\u00eda de Accesibilidad Universal","robots":{"index":"index","follow":"follow","max-snippet":"max-snippet:-1","max-image-preview":"max-image-preview:large","max-video-preview":"max-video-preview:-1"},"canonical":"https:\/\/www.caplatypus.com\/es\/organizacion-y-empresa\/","og_locale":"es_ES","og_type":"article","og_title":"Organizaci\u00f3n y Empresa","og_description":"Nuestro equipo de consultores aplicando accesibilidad te ayudar\u00e1 a: Innovar en la cultura organizacional: Implementamos metodolog\u00edas accesibles que promueven la diversidad y la inclusi\u00f3n. Juntos descubrimos un universo de posibilidades para transformar tu organizaci\u00f3n. Mejorar la experiencia de usuario: La accesibilidad no solo optimiza la interacci\u00f3n, sino que tambi\u00e9n genera un impacto positivo en la [&hellip;]","og_url":"https:\/\/www.caplatypus.com\/es\/organizacion-y-empresa\/","og_site_name":"Platypus Consultor\u00eda de Accesibilidad Universal","article_modified_time":"2025-03-24T11:26:15+00:00","og_image":[{"width":536,"height":562,"url":"https:\/\/www.caplatypus.com\/wp-content\/uploads\/empresa.jpg","type":"image\/jpeg"}],"twitter_card":"summary_large_image","twitter_misc":{"Tiempo de lectura":"1 minuto"},"schema":{"@context":"https:\/\/schema.org","@graph":[{"@type":"WebPage","@id":"https:\/\/www.caplatypus.com\/organizacion-y-empresa\/","url":"https:\/\/www.caplatypus.com\/organizacion-y-empresa\/","name":"Organizaci\u00f3n y Empresa - Platypus Consultor\u00eda de Accesibilidad Universal","isPartOf":{"@id":"https:\/\/www.caplatypus.com\/es\/#website"},"primaryImageOfPage":{"@id":"https:\/\/www.caplatypus.com\/organizacion-y-empresa\/#primaryimage"},"image":{"@id":"https:\/\/www.caplatypus.com\/organizacion-y-empresa\/#primaryimage"},"thumbnailUrl":"https:\/\/www.caplatypus.com\/wp-content\/uploads\/empresa.jpg","datePublished":"2025-02-07T07:33:02+00:00","dateModified":"2025-03-24T11:26:15+00:00","breadcrumb":{"@id":"https:\/\/www.caplatypus.com\/organizacion-y-empresa\/#breadcrumb"},"inLanguage":"es","potentialAction":[{"@type":"ReadAction","target":["https:\/\/www.caplatypus.com\/organizacion-y-empresa\/"]}]},{"@type":"ImageObject","inLanguage":"es","@id":"https:\/\/www.caplatypus.com\/organizacion-y-empresa\/#primaryimage","url":"https:\/\/www.caplatypus.com\/wp-content\/uploads\/empresa.jpg","contentUrl":"https:\/\/www.caplatypus.com\/wp-content\/uploads\/empresa.jpg"},{"@type":"BreadcrumbList","@id":"https:\/\/www.caplatypus.com\/organizacion-y-empresa\/#breadcrumb","itemListElement":[{"@type":"ListItem","position":1,"name":"Portada","item":"https:\/\/www.caplatypus.com\/"},{"@type":"ListItem","position":2,"name":"Organizaci\u00f3n y Empresa"}]},{"@type":"WebSite","@id":"https:\/\/www.caplatypus.com\/es\/#website","url":"https:\/\/www.caplatypus.com\/es\/","name":"Platypus Consultor\u00eda de Accesibilidad Universal","description":"Barcelona","publisher":{"@id":"https:\/\/www.caplatypus.com\/es\/#organization"},"potentialAction":[{"@type":"SearchAction","target":{"@type":"EntryPoint","urlTemplate":"https:\/\/www.caplatypus.com\/es\/?s={search_term_string}"},"query-input":{"@type":"PropertyValueSpecification","valueRequired":true,"valueName":"search_term_string"}}],"inLanguage":"es"},{"@type":"Organization","@id":"https:\/\/www.caplatypus.com\/es\/#organization","name":"Platypus Consultor\u00eda de Accesibilidad Universal","url":"https:\/\/www.caplatypus.com\/es\/","logo":{"@type":"ImageObject","inLanguage":"es","@id":"https:\/\/www.caplatypus.com\/es\/#\/schema\/logo\/image\/","url":"https:\/\/www.caplatypus.com\/wp-content\/uploads\/logo_platypus.png","contentUrl":"https:\/\/www.caplatypus.com\/wp-content\/uploads\/logo_platypus.png","width":832,"height":761,"caption":"Platypus Consultor\u00eda de Accesibilidad Universal"},"image":{"@id":"https:\/\/www.caplatypus.com\/es\/#\/schema\/logo\/image\/"},"sameAs":["https:\/\/www.linkedin.com\/company\/ca-platypus\/"]}]}},"_links":{"self":[{"href":"https:\/\/www.caplatypus.com\/es\/wp-json\/wp\/v2\/pages\/1027","targetHints":{"allow":["GET"]}}],"collection":[{"href":"https:\/\/www.caplatypus.com\/es\/wp-json\/wp\/v2\/pages"}],"about":[{"href":"https:\/\/www.caplatypus.com\/es\/wp-json\/wp\/v2\/types\/page"}],"author":[{"embeddable":true,"href":"https:\/\/www.caplatypus.com\/es\/wp-json\/wp\/v2\/users\/1"}],"replies":[{"embeddable":true,"href":"https:\/\/www.caplatypus.com\/es\/wp-json\/wp\/v2\/comments?post=1027"}],"version-history":[{"count":2,"href":"https:\/\/www.caplatypus.com\/es\/wp-json\/wp\/v2\/pages\/1027\/revisions"}],"predecessor-version":[{"id":1422,"href":"https:\/\/www.caplatypus.com\/es\/wp-json\/wp\/v2\/pages\/1027\/revisions\/1422"}],"wp:attachment":[{"href":"https:\/\/www.caplatypus.com\/es\/wp-json\/wp\/v2\/media?parent=1027"}],"curies":[{"name":"wp","href":"https:\/\/api.w.org\/{rel}","templated":true}]}}